{"id":23,"date":"2024-10-30T21:46:52","date_gmt":"2024-10-30T21:46:52","guid":{"rendered":"https:\/\/siqbots.com\/?page_id=23"},"modified":"2024-11-12T22:45:40","modified_gmt":"2024-11-12T22:45:40","slug":"jub-notes","status":"publish","type":"page","link":"https:\/\/siqbots.com\/sl\/jub-notes\/","title":{"rendered":"SIQ pAInter"},"content":{"rendered":"<div class=\"wp-block-group alignfull has-background has-global-padding is-layout-constrained wp-container-core-group-is-layout-669513ed wp-block-group-is-layout-constrained\" style=\"background:linear-gradient(180deg,rgb(177,197,164) 67%,rgb(249,249,249) 100%);margin-top:0;margin-bottom:0;padding-top:var(--wp--preset--spacing--50);padding-right:var(--wp--preset--spacing--50);padding-bottom:var(--wp--preset--spacing--50);padding-left:var(--wp--preset--spacing--50)\">\n<div class=\"wp-block-columns alignwide is-layout-flex wp-container-core-columns-is-layout-1da03c2a wp-block-columns-is-layout-flex\">\n<div class=\"wp-block-column is-vertically-aligned-stretch is-layout-flow wp-block-column-is-layout-flow\" style=\"flex-basis:50%\">\n<figure class=\"wp-block-gallery has-nested-images columns-default is-cropped wp-block-gallery-2 is-layout-flex wp-block-gallery-is-layout-flex\">\n<figure class=\"wp-block-image size-full is-style-rounded is-style-rounded--1\"><img loading=\"lazy\" decoding=\"async\" width=\"1024\" height=\"1024\" data-id=\"46\" src=\"https:\/\/siqbots.com\/wp-content\/uploads\/2024\/09\/girl-orange-red-background.png\" alt=\"\" class=\"wp-image-46\"\/><\/figure>\n<\/figure>\n<\/div>\n\n\n\n<div class=\"wp-block-column is-vertically-aligned-center is-layout-flow wp-block-column-is-layout-flow\" style=\"flex-basis:50%\">\n<div class=\"wp-block-group is-nowrap is-layout-flex wp-container-core-group-is-layout-6c531013 wp-block-group-is-layout-flex\">\n<div class=\"wp-block-group is-vertical is-content-justification-stretch is-layout-flex wp-container-core-group-is-layout-444d5ee8 wp-block-group-is-layout-flex\" style=\"min-height:100%\">\n<p class=\"has-text-align-center has-heading-font-family has-x-large-font-size\" style=\"line-height:1.2\">Super Inteligentni Virtualni Asistent, zasnovan za pomo\u010d va\u0161im strankam pri nakupu va\u0161e barve.<\/p>\n\n\n\n<div class=\"wp-block-group has-global-padding is-content-justification-left is-layout-constrained wp-container-core-group-is-layout-9fe8ed88 wp-block-group-is-layout-constrained\">\n<p class=\"wp-container-content-0733e5d0\"><\/p>\n\n\n\n<div class=\"wp-block-buttons alignfull is-content-justification-center is-layout-flex wp-container-core-buttons-is-layout-a89b3969 wp-block-buttons-is-layout-flex\">\n<div class=\"wp-block-button is-style-fill\"><a class=\"wp-block-button__link wp-element-button\" href=\"https:\/\/siqbots.com\/sl\/jub-demo\/\">Preizkusite prototip Jub tukaj!<\/a><\/div>\n<\/div>\n<\/div>\n<\/div>\n<\/div>\n<\/div>\n<\/div>\n<\/div>\n\n\n\n<div class=\"wp-block-group alignfull has-base-background-color has-background has-global-padding is-layout-constrained wp-container-core-group-is-layout-d89aad35 wp-block-group-is-layout-constrained\" style=\"margin-top:0;margin-bottom:0;padding-top:var(--wp--preset--spacing--50);padding-right:var(--wp--preset--spacing--50);padding-bottom:var(--wp--preset--spacing--50);padding-left:var(--wp--preset--spacing--50)\">\n<div class=\"wp-block-columns alignwide is-layout-flex wp-container-core-columns-is-layout-549b0c86 wp-block-columns-is-layout-flex\">\n<div class=\"wp-block-column is-layout-flow wp-container-core-column-is-layout-119bc444 wp-block-column-is-layout-flow\" style=\"flex-basis:60%\">\n<h1 class=\"wp-block-heading has-text-align-center has-heading-font-family has-x-large-font-size\" style=\"line-height:1.2\">POPOLNOMA DRUGA\u010cEN OD DRUGIH BOTOV  <\/h1>\n\n\n\n<h3 class=\"wp-block-heading has-text-align-center has-heading-font-family\" style=\"line-height:1.2\">SIQ p<strong>AI<\/strong>nter je platforma, posebej zasnovana za podjetja z barvami, da izobra\u017eujejo stranke in spodbujajo prodajo. Ena klju\u010dnih funkcij platforme je napreden sistem pridobivanja informacij, ki zdru\u017euje va\u0161e podatke z inteligenco velikega jezikovnega modela (<a href=\"https:\/\/www.techopedia.com\/definition\/34948\/large-language-model-llm\" data-type=\"link\" data-id=\"https:\/\/www.techopedia.com\/definition\/34948\/large-language-model-llm\">LLM<\/a>).<\/h3>\n\n\n\n<h3 class=\"wp-block-heading has-text-align-center is-style-default has-heading-font-family\" style=\"margin-top:var(--wp--preset--spacing--10);margin-bottom:var(--wp--preset--spacing--10);line-height:1.2\">Za va\u0161e podjetje bo to videti kot ChatGPT, ki podaja odgovore, ki jih \u017eelite.<\/h3>\n\n\n\n<h3 class=\"wp-block-heading has-text-align-center has-heading-font-family\" style=\"margin-top:var(--wp--preset--spacing--10);margin-bottom:var(--wp--preset--spacing--10);line-height:1.2\">Za va\u0161e stranke je to asistent nove generacije \u2013 <strong>S<\/strong>uper <strong>I<\/strong>ntelligent in vedno na voljo!<\/h3>\n\n\n\n<p class=\"has-text-align-left\"><\/p>\n\n\n\n<div class=\"wp-block-columns is-layout-flex wp-container-core-columns-is-layout-87beb0d0 wp-block-columns-is-layout-flex\">\n<div class=\"wp-block-column is-vertically-aligned-stretch is-layout-flow wp-block-column-is-layout-flow\"><\/div>\n\n\n\n<div class=\"wp-block-column is-vertically-aligned-stretch is-layout-flow wp-block-column-is-layout-flow\"><\/div>\n<\/div>\n<\/div>\n\n\n\n<div class=\"wp-block-column is-vertically-aligned-center has-global-padding is-content-justification-left is-layout-constrained wp-container-core-column-is-layout-4f15e8fe wp-block-column-is-layout-constrained\" style=\"flex-basis:40%\">\n<figure class=\"wp-block-image aligncenter size-full is-style-default\"><img loading=\"lazy\" decoding=\"async\" width=\"1024\" height=\"1024\" src=\"https:\/\/siqbots.com\/wp-content\/uploads\/2024\/10\/DALL\u00b7E-2024-10-31-11.19.52-A-retro-style-advertisement-for-a-can-of-paint-featuring-a-large-paint-bucket-with-a-vintage-design-and-a-1950s-style-friendly-robot-illustration-on-t.webp\" alt=\"\" class=\"wp-image-142\"\/><\/figure>\n\n\n\n<h5 class=\"wp-block-heading alignfull has-text-align-center\">       Tradicionalni chatboti so dolgo\u010dasni in omejeni. Slabo zasnovani AI boti si izmi\u0161ljujejo odgovore in halucinirajo.  \nMi poskrbimo, da so podani odgovori to\u010dno tak\u0161ni, kot jih \u017eelite.<\/h5>\n\n\n\n<div class=\"wp-block-columns is-layout-flex wp-container-core-columns-is-layout-28f84493 wp-block-columns-is-layout-flex\">\n<div class=\"wp-block-column is-layout-flow wp-block-column-is-layout-flow\" style=\"flex-basis:100%\"><\/div>\n<\/div>\n\n\n\n<h6 class=\"wp-block-heading alignwide has-text-align-left\"><\/h6>\n<\/div>\n<\/div>\n<\/div>\n\n\n\n<div class=\"wp-block-group alignfull has-gradient-3-gradient-background has-background has-global-padding is-layout-constrained wp-container-core-group-is-layout-3aaaaffa wp-block-group-is-layout-constrained\" style=\"border-style:none;border-width:0px;border-radius:20px;margin-top:0;margin-bottom:0;padding-top:var(--wp--preset--spacing--50);padding-right:var(--wp--preset--spacing--50);padding-bottom:var(--wp--preset--spacing--50);padding-left:var(--wp--preset--spacing--50)\">\n<h3 class=\"wp-block-heading alignwide has-text-align-center has-heading-font-family has-x-large-font-size\" style=\"margin-top:var(--wp--preset--spacing--20);margin-bottom:var(--wp--preset--spacing--50)\">V tej predstavitvi boste videli, kako lahko stranka v manj kot 10 minutah sprejme premi\u0161ljeno odlo\u010ditev o tem, katero barvo kupiti, kateri odtenek izbrati, koliko barve potrebuje in koliko bo to stalo. Prav tako jo obvesti o drugih izdelkih specifi\u010dnih za znamko, ki ji lahko pomagajo pri projektu.<\/h3>\n\n\n\n<div class=\"wp-block-columns alignwide is-layout-flex wp-container-core-columns-is-layout-1da03c2a wp-block-columns-is-layout-flex\">\n<div class=\"wp-block-column is-vertically-aligned-center is-layout-flow wp-block-column-is-layout-flow\" style=\"flex-basis:60%\">\n<figure class=\"wp-block-embed is-type-video is-provider-youtube wp-block-embed-youtube wp-embed-aspect-16-9 wp-has-aspect-ratio\"><div class=\"wp-block-embed__wrapper\">\n<iframe loading=\"lazy\" title=\"SIQ pAInter: The Next-Generation AI Assistant for Home Renovation &amp; Design (Jub demo)\" width=\"500\" height=\"281\" src=\"https:\/\/www.youtube.com\/embed\/Jrzo3saPkmM?feature=oembed\" frameborder=\"0\" allow=\"accelerometer; autoplay; clipboard-write; encrypted-media; gyroscope; picture-in-picture; web-share\" referrerpolicy=\"strict-origin-when-cross-origin\" allowfullscreen><\/iframe>\n<\/div><\/figure>\n<\/div>\n\n\n\n<div class=\"wp-block-column is-layout-flow wp-block-column-is-layout-flow\" style=\"flex-basis:40%\">\n<h2 class=\"wp-block-heading has-heading-font-family has-x-large-font-size\" style=\"line-height:1.2\">Jub Demo<\/h2>\n\n\n\n<p class=\"has-contrast-color has-text-color has-link-color has-heading-font-family wp-elements-0d5a04ec1f68778998232513d7f291f8\" style=\"font-size:clamp(0.984rem, 0.984rem + ((1vw - 0.2rem) * 0.86), 1.5rem);\"><strong>Jub pAInter je prvi izdelek, zgrajen na na\u0161i platformi, in \u010deprav trenutno deluje kot prototip, verjamemo, da bi lahko kmalu postal prvi in najnaprednej\u0161i AI virtualni asistent na podro\u010dju barvne industrije.<\/strong><\/p>\n\n\n\n<p><\/p>\n\n\n\n<div class=\"wp-block-buttons is-layout-flex wp-block-buttons-is-layout-flex\">\n<div class=\"wp-block-button\"><a class=\"wp-block-button__link wp-element-button\" href=\"https:\/\/siqbots.com\/sl\/jub-demo\/\">Preizkusite prototip Jub tukaj!<\/a><\/div>\n<\/div>\n<\/div>\n<\/div>\n<\/div>\n\n\n\n<div class=\"wp-block-group alignfull has-global-padding is-layout-constrained wp-container-core-group-is-layout-d89aad35 wp-block-group-is-layout-constrained\" style=\"margin-top:0;margin-bottom:0;padding-top:var(--wp--preset--spacing--50);padding-right:var(--wp--preset--spacing--50);padding-bottom:var(--wp--preset--spacing--50);padding-left:var(--wp--preset--spacing--50)\">\n<h2 class=\"wp-block-heading\"><strong>Contact:<\/strong> <a href=\"mailto:paint-team@siqbots.com\">paint-team@siqbots.com<\/a><\/h2>\n<\/div>\n\n\n\n<div class=\"wp-block-group alignfull has-base-color has-contrast-background-color has-text-color has-background has-link-color wp-elements-575dcf0266218a7c549eb6f4b3bffb42 has-global-padding is-layout-constrained wp-container-core-group-is-layout-d89aad35 wp-block-group-is-layout-constrained\" style=\"margin-top:0;margin-bottom:0;padding-top:var(--wp--preset--spacing--50);padding-right:var(--wp--preset--spacing--50);padding-bottom:var(--wp--preset--spacing--50);padding-left:var(--wp--preset--spacing--50)\">\n<h2 class=\"wp-block-heading alignwide has-base-color has-text-color has-link-color wp-elements-27c8423f0f4bbdedeeb685c97b173660\" style=\"font-size:clamp(4.509rem, 4.509rem + ((1vw - 0.2rem) * 9.152), 10rem);letter-spacing:-0.02em\">Qs<\/h2>\n\n\n\n<div class=\"wp-block-group alignwide is-layout-flow wp-block-group-is-layout-flow\">\n<hr class=\"wp-block-separator has-text-color has-base-color has-alpha-channel-opacity has-base-background-color has-background is-style-wide\"\/>\n\n\n\n<details class=\"wp-block-details is-style-arrow-icon-details has-medium-font-size is-layout-flow wp-block-details-is-layout-flow\" style=\"border-top-style:none;border-top-width:0px;border-right-style:none;border-right-width:0px;border-bottom-color:var(--wp--preset--color--base);border-bottom-style:solid;border-bottom-width:1px;border-left-style:none;border-left-width:0px;margin-top:0\"><summary>Ali bodo stranke to dejansko uporabljale?<\/summary>\n<p class=\"has-contrast-1-color has-text-color has-link-color wp-elements-3e45108d1497d0a88314af60d74600a7\">ChatGPT ima ve\u010d kot 200 milijonov mese\u010dnih uporabnikov, in to je v bistvu ChatGPT, zasnovan za doma\u010de slikarje in dekoraterje. To ni eden tistih tradicionalnih chatbotov, ki jih ljudje neradi uporabljajo!!<\/p>\n\n\n\n<p class=\"has-contrast-1-color has-text-color has-link-color wp-elements-93e31ca8e2bde0aafd953abadeafd5bf\">Z splo\u0161nimi nasveti za mojstre in specifi\u010dnimi predlogi za izdelke Jub lahko Jub pAInter postane prva to\u010dka za nasvet \"Kako ...\" pri obnovi domov v Sloveniji.<\/p>\n\n\n\n<p>\u010cez nekaj let bo AI prisoten povsod. Zmagovalci bodo tisti, ki ga sprejmejo med prvimi!<\/p>\n<\/details>\n\n\n\n<details class=\"wp-block-details is-style-arrow-icon-details has-medium-font-size is-layout-flow wp-block-details-is-layout-flow\" style=\"border-top-style:none;border-top-width:0px;border-right-style:none;border-right-width:0px;border-bottom-color:var(--wp--preset--color--base);border-bottom-style:solid;border-bottom-width:1px;border-left-style:none;border-left-width:0px;margin-top:0\"><summary>Kak\u0161ne koristi lahko prinese podjetju z barvami, kot je Jub?<\/summary>\n<p class=\"has-contrast-1-color has-text-color has-link-color wp-elements-59e45d519b6a2c952b110e182ccc735c\">Pove\u010dajte prodajo premium izdelkov in pridobite konkuren\u010dne prednosti z izbolj\u0161anim zadovoljstvom strank ter mo\u010dnej\u0161o lojalnostjo do blagovne znamke.<strong> <\/strong> Zmanj\u0161ajte stro\u0161ke storitev za stranke. Pridobite vodilne tr\u017ene vpoglede z poglobljenim dostopom do interakcij strank \u2013 vpra\u0161anj, poti in PODATKOV (s pregledom poro\u010dil pogovorov).<\/p>\n\n\n\n<p class=\"has-contrast-1-color has-text-color has-link-color wp-elements-8a6244d0256af1d148be9c6f8727b5fe\"><\/p>\n<\/details>\n\n\n\n<details class=\"wp-block-details is-style-arrow-icon-details has-medium-font-size is-layout-flow wp-block-details-is-layout-flow\" style=\"border-top-style:none;border-top-width:0px;border-right-style:none;border-right-width:0px;border-bottom-color:var(--wp--preset--color--base);border-bottom-style:solid;border-bottom-width:1px;border-left-style:none;border-left-width:0px;margin-top:0\"><summary>Vrednost Personalizacije<\/summary>\n<p class=\"has-contrast-1-color has-text-color has-link-color wp-elements-3dbd691f61ca802c98474470bdb5e086\">Personalizacija je postala bolj klju\u010dna kot kadarkoli prej za pove\u010danje vklju\u010denosti strank in rast prihodkov. Po podatkih podjetja McKinsey &amp; Company <strong>2021 Next in Personalization Report<\/strong>, <strong>71% potro\u0161nikov<\/strong> zdaj pri\u010dakuje, da podjetja zagotavljajo personalizirane interakcije, in <strong>76%<\/strong> so razo\u010darani, ko se to ne zgodi.<sup><a href=\"https:\/\/www.mckinsey.com\/capabilities\/growth-marketing-and-sales\/our-insights\/the-value-of-getting-personalization-right-or-wrong-is-multiplying\">1<\/a><\/sup>To poudarja vse ve\u010dje povpra\u0161evanje po prilagojenih izku\u0161njah na dana\u0161njem trgu.<\/p>\n\n\n\n<p>Poleg tega poro\u010dilo razkriva, da podjetja, ki izstopajo v personalizaciji, ustvarijo <strong>40 % ve\u010d prihodkov<\/strong> iz teh aktivnosti kot povpre\u010dni konkurenti. Vodilni na podro\u010dju personalizacije lahko dose\u017eejo pove\u010danje prihodkov v razponu od <strong>10% to 15%<\/strong>, pri \u010demer najve\u010dje dobi\u010dke dosegajo organizacije, ki svoje ponudbe natan\u010dno prilagodijo posameznim potro\u0161nikom.<sup><a href=\"#user-content-fn-1\">1<\/a><\/sup>. To dokazuje znaten finan\u010dni vpliv, ki ga lahko u\u010dinkovite strategije personalizacije imajo na podjetje.<\/p>\n\n\n\n<p>V kontekstu spreminjajo\u010dih se potro\u0161ni\u0161kih navad\u2014kjer <strong>75% potro\u0161nikov<\/strong> so med pandemijo pre\u0161li na nove blagovne znamke, izdelke ali na\u010dine nakupovanja\u2014je personalizacija ne le prednost, temve\u010d nujnost. Poro\u010dilo McKinsey navaja, da <strong>78% potro\u0161nikov<\/strong> pogosteje opravijo ponovne nakupe pri podjetjih, ki personalizirajo vsebino, in <strong>76%<\/strong> pogosteje razmi\u0161ljajo o nakupu blagovnih znamk, ki personalizirajo<sup><a href=\"#user-content-fn-1\">1<\/a><\/sup>.<\/p>\n\n\n\n<p class=\"has-contrast-1-color has-text-color has-link-color wp-elements-06ca06856e81061d70064ee2ccd5d990\">Implementacija storitve personalizacije postavlja Jub v polo\u017eaj, da zadosti tem pove\u010danim pri\u010dakovanjem potro\u0161nikov in izkoristi povezano rast prihodkov.<\/p>\n\n\n\n<p class=\"has-contrast-1-color has-text-color has-link-color wp-elements-8a6244d0256af1d148be9c6f8727b5fe\"><\/p>\n<\/details>\n\n\n\n<details class=\"wp-block-details is-style-arrow-icon-details has-medium-font-size is-layout-flow wp-block-details-is-layout-flow\" style=\"border-top-style:none;border-top-width:0px;border-right-style:none;border-right-width:0px;border-bottom-color:var(--wp--preset--color--base);border-bottom-style:solid;border-bottom-width:1px;border-left-style:none;border-left-width:0px;margin-top:0\"><summary>Kje so druga podjetja z barvami vlagala denar v ustvarjanje personaliziranih storitev?<\/summary>\n<p class=\"has-contrast-1-color has-text-color has-link-color wp-elements-2ea6ca182d035cbc4e20b236cb9b49b0\">\u0160tevilna podjetja z barvami so vlagala v storitve in izdelke za personalizacijo barv, da bi izbolj\u0161ala izku\u0161njo strank. Na primer, <strong>Behr&#8217;s ColorSmart<\/strong> tool, <strong>Benjamin Moore&#8217;s Personal Color Viewer<\/strong>, in <strong>Dulux&#8217;s Visualizer App<\/strong> strankam omogo\u010dajo izbiro in vizualizacijo barv v razli\u010dnih prostorih. Ti orodji se predvsem osredoto\u010data na pomo\u010d pri izbiri barv z uporabo vizualnih simulacij in usklajenih barvnih palet.<\/p>\n\n\n\n<p>Druga podjetja z barvami uporabljajo standardne chatbote za podporo strankam. \u010ceprav lahko ti chatbot-i obravnavajo osnovna vpra\u0161anja, so bistveno slab\u0161i od sodobnih <strong>Retrieval-Augmented Generation (<a href=\"https:\/\/www.youtube.com\/watch?v=u47GtXwePms\">RAG<\/a>)<\/strong> Tehnologija. Standardni chatboti se pogosto zana\u0161ajo na vnaprej pripravljene odgovore in nimajo sposobnosti razumevanja kompleksnih, personaliziranih vpra\u0161anj. Na primer, lahko imajo te\u017eave z natan\u010dnimi vpra\u0161anji, kot je: \u00bbKatero barvo naj izberem za otroka z ADHD?\u00ab V nasprotju s tem lahko sistem RAG obdela tako podrobna vpra\u0161anja in zagotovi strokovne, prilagojene nasvete na podlagi obse\u017ene baze znanja.<\/p>\n\n\n\n<p>Nekatera podjetja, kot na primer <strong>Dulux Australia<\/strong>, so ubrala druga\u010den pristop z zaposlovanjem pravih agentov za pomo\u010d strankam prek klepetov v \u017eivo ali telefonskih klicev. \u010ceprav ta metoda zagotavlja personalizirano podporo in visoko raven storitve, ima dolo\u010dene omejitve. \u010clove\u0161ki agenti niso na voljo 24\/7 in so za podjetje lahko dragi za vzdr\u017eevanje. Poleg tega mnogi potro\u0161niki danes dajejo prednost udobju in takoj\u0161nji dostopnosti avtomatiziranih re\u0161itev. Po raziskavi, ki jo je izvedlo podjetje <strong>Salesforce<\/strong>, <strong>69% potro\u0161nikov<\/strong> raje uporabljajo chatbot-e za hitro komunikacijo z blagovnimi znamkami zaradi hitrej\u0161ega odzivnega \u010dasa, 71 % pa jih je pripravljenih uporabljati AI <sup><a href=\"https:\/\/www.salesforce.com\/news\/stories\/state-of-the-connected-customer-report-outlines-changing-standards-for-customer-engagement\/\">1<\/a><\/sup>, to ka\u017ee na vse ve\u010djo naklonjenost u\u010dinkovitim, tehnolo\u0161ko podprtim storitvam za stranke.<\/p>\n\n\n\n<p class=\"has-contrast-1-color has-text-color has-link-color wp-elements-7b2ef9da91d83ac1ccdf2017186df5a7\">Standardni chatboti pa pogosto ne uspejo zagotoviti globine personalizacije, ki jo stranke pri\u010dakujejo. Zana\u0161ajo se na vnaprej pripravljene odgovore in morda ne obravnavajo u\u010dinkovito kompleksnih ali podrobnih vpra\u0161anj. <strong>Sodobna tehnologija RAG (Retrieval-Augmented Generation) zapolnjuje to vrzel<\/strong> s personaliziranimi, kontekstualno prilagojenimi priporo\u010dili in bolj naravnimi, pogovornimi interakcijami. Zdru\u017euje u\u010dinkovitost avtomatizacije z globino \u010dlove\u0161kemu razumevanju podobnega pristopa ter zagotavlja bolj\u0161o izku\u0161njo za stranke v primerjavi s standardnimi chatboti ali izklju\u010dno \u010dlove\u0161ko podporo.<\/p>\n\n\n\n<p class=\"has-contrast-1-color has-text-color has-link-color wp-elements-8a6244d0256af1d148be9c6f8727b5fe\"><\/p>\n<\/details>\n\n\n\n<details class=\"wp-block-details is-style-arrow-icon-details has-medium-font-size is-layout-flow wp-block-details-is-layout-flow\" style=\"border-top-style:none;border-top-width:0px;border-right-style:none;border-right-width:0px;border-bottom-color:var(--wp--preset--color--base);border-bottom-style:solid;border-bottom-width:1px;border-left-style:none;border-left-width:0px;margin-top:0\"><summary>Katere druge funkcije bi lahko dodali?<\/summary>\n<p class=\"has-contrast-1-color has-text-color has-link-color wp-elements-bd8667268b2e0e9b0cc22fc189a48006\">Potencial Jub pAInter sega veliko dlje od zgolj izbire barv. Predstavljajte si, da lahko:<\/p>\n\n\n\n<ul class=\"wp-block-list\">\n<li>Direct people to the nearest retailer.<\/li>\n\n\n\n<li>Enable online ordering<\/li>\n\n\n\n<li>Present promotions, or prioritise products.<\/li>\n\n\n\n<li>Offer professionals an all-in-one tool for paint and home renovation guidance.<\/li>\n\n\n\n<li>Develop it to accuracy levels suitable for customer service call agents.<\/li>\n\n\n\n<li>Etc, etc.<\/li>\n<\/ul>\n\n\n\n<p class=\"has-contrast-1-color has-text-color has-link-color wp-elements-49ab4a101b943c45759605fd3e3e0f11\">Smo \u0161ele na za\u010detku te AI revolucije. Skupaj lahko raziskujemo in razvijamo funkcionalnosti, ki bodo na nove in u\u010dinkovite na\u010dine slu\u017eile tako va\u0161emu podjetju kot va\u0161im strankam.<\/p>\n<\/details>\n\n\n\n<details class=\"wp-block-details is-style-arrow-icon-details has-medium-font-size is-layout-flow wp-block-details-is-layout-flow\" style=\"border-top-style:none;border-top-width:0px;border-right-style:none;border-right-width:0px;border-bottom-color:var(--wp--preset--color--base);border-bottom-style:solid;border-bottom-width:1px;border-left-style:none;border-left-width:0px;margin-top:0\"><summary>Who is behind SIQ pAInter?<\/summary>\n<p class=\"has-contrast-1-color has-text-color has-link-color wp-elements-d0228ef66d13b2085dffec39b7e0fe45\">Smo majhna ekipa iz Slovenije. En starej\u0161i gospod z idejami in vizijo ter dva mlaj\u0161a fanta s tehni\u010dnimi znanji in \u017eeljo po uspehu. Skupaj vidimo ogromne prilo\u017enosti za podjetja, ki se povezujejo z AI. Za svojo ni\u0161o smo izbrali barve.  \n\nZ veseljem vas obi\u0161\u010demo, prisluhnemo va\u0161im \u017eeljam in potrebam ter se pogovorimo o AI strategijah, ki bi lahko pomagale pri rasti va\u0161ega podjetja.<\/p>\n<\/details>\n\n\n\n<details class=\"wp-block-details is-style-arrow-icon-details has-medium-font-size is-layout-flow wp-block-details-is-layout-flow\" style=\"border-top-style:none;border-top-width:0px;border-right-style:none;border-right-width:0px;border-bottom-color:var(--wp--preset--color--base);border-bottom-style:solid;border-bottom-width:1px;border-left-style:none;border-left-width:0px;margin-top:0\"><summary>Vas Zanima Tehnologija?<\/summary>\n<p class=\"has-contrast-1-color has-text-color has-link-color wp-elements-5702efe6561272b34c1eb8e40504fc2e\">Ena klju\u010dnih funkcij na\u0161e platforme je <a href=\"https:\/\/www.youtube.com\/watch?v=u47GtXwePms\">RAG<\/a>, posebej prilagojen iskalnik, ki odlo\u010da, kdaj pridobiti informacije iz na\u0161ih podatkovnih baz, kdaj iz ChatGPT-ja in kako kombinirati obe mo\u017enosti hkrati, da zagotovi natan\u010dne in premi\u0161ljene odgovore na zastavljena vpra\u0161anja. <\/p>\n\n\n\n<p>SIQ pAInter vklju\u010duje visoko strukturirane podatke in iskalnik, ki razume, kdaj in kako te informacije pridobiti. Za vsako zahtevo je treba sprejeti odlo\u010ditev \u2013 Ali uporabnik potrebuje pomo\u010d pri izbiri prave barve, specifi\u010dna navodila za izdelek, izra\u010dun za dolo\u010ditev potrebne koli\u010dine ali pomo\u010d pri izbiri barve? Vsaka od teh zahtev potrebuje druga\u010dne podatke, druga\u010den odziv in sposobnost zdru\u017eevanja informacij za dosledne in \u017eelene odgovore.<\/p>\n\n\n\n<p>Tega ni mogo\u010de narediti na lahek na\u010din. Ni bli\u017enjic, vti\u010dnikov ali \u017ee pripravljenih re\u0161itev. Na\u0161a platforma vklju\u010duje ve\u010d podatkovnih baz, obse\u017eno kodo, odli\u010dno oblikovane pozive in, kar je najpomembnej\u0161e, je zasnovana posebej za odgovarjanje na vpra\u0161anja, povezana z barvami.<\/p>\n\n\n\n<p><\/p>\n<\/details>\n\n\n\n<div style=\"margin-top:var(--wp--preset--spacing--10);margin-bottom:0;height:var(--wp--preset--spacing--10)\" aria-hidden=\"true\" class=\"wp-block-spacer\"><\/div>\n<\/div>\n<\/div>\n\n\n\n<p><\/p>","protected":false},"excerpt":{"rendered":"<p>A Super Intelligent Virtual Assistant, designed to help your customers buy your paint. Nothing Like Other Bots SIQ pAInter is a platform specifically built for paint companies to educate customers and drive sales. One of the key features of the platform is the advanced retrieval system which combines your data with the intelligence of a [&hellip;]<\/p>","protected":false},"author":1,"featured_media":0,"parent":0,"menu_order":0,"comment_status":"closed","ping_status":"closed","template":"","meta":{"inline_featured_image":false,"footnotes":""},"class_list":["post-23","page","type-page","status-publish","hentry"],"_links":{"self":[{"href":"https:\/\/siqbots.com\/sl\/wp-json\/wp\/v2\/pages\/23","targetHints":{"allow":["GET"]}}],"collection":[{"href":"https:\/\/siqbots.com\/sl\/wp-json\/wp\/v2\/pages"}],"about":[{"href":"https:\/\/siqbots.com\/sl\/wp-json\/wp\/v2\/types\/page"}],"author":[{"embeddable":true,"href":"https:\/\/siqbots.com\/sl\/wp-json\/wp\/v2\/users\/1"}],"replies":[{"embeddable":true,"href":"https:\/\/siqbots.com\/sl\/wp-json\/wp\/v2\/comments?post=23"}],"version-history":[{"count":79,"href":"https:\/\/siqbots.com\/sl\/wp-json\/wp\/v2\/pages\/23\/revisions"}],"predecessor-version":[{"id":282,"href":"https:\/\/siqbots.com\/sl\/wp-json\/wp\/v2\/pages\/23\/revisions\/282"}],"wp:attachment":[{"href":"https:\/\/siqbots.com\/sl\/wp-json\/wp\/v2\/media?parent=23"}],"curies":[{"name":"wp","href":"https:\/\/api.w.org\/{rel}","templated":true}]}}